{"id":45,"date":"2017-10-01T13:16:02","date_gmt":"2017-10-01T13:16:02","guid":{"rendered":"https:\/\/alexander.teixeirakalkhoff.eu\/?page_id=45"},"modified":"2025-10-23T14:34:27","modified_gmt":"2025-10-23T14:34:27","slug":"vortrage","status":"publish","type":"page","link":"https:\/\/alexander.teixeirakalkhoff.eu\/?page_id=45","title":{"rendered":"VORTR\u00c4GE"},"content":{"rendered":"<table border=\"0\" cellspacing=\"1\" cellpadding=\"1\">\n<tbody>\n<tr>\n<td><strong><em>Datum, Veranstaltung, Ort<\/em><br \/>\n<\/strong><\/td>\n<td><em><strong>Titel des Vortrags<\/strong><\/em><\/td>\n<\/tr>\n<tr>\n<td>3.10.25, Third<span style=\"font-size: revert; font-family: inherit;\"> CoPrEspa Network Meeting, Universit\u00e4t Santiago de Compostela<\/span><\/td>\n<td>\u00a0&#8220;Constructional change and inheritance links in<br \/>\npolysemous prepositions: the case of Chabacano\u00a0<em>kon<\/em>&#8221; (gemeinsam mit Hans-J\u00f6rg D\u00f6hla)<\/td>\n<\/tr>\n<tr>\n<td>12.-13.9.24, XXXIII. Internationales Kolloquium des Studienkreises \u2018Geschichte der Sprachwissenschaft\u2019, Universit\u00e4t Regensburg<\/td>\n<td>Organisation und Moderation des Kolloquiums mit dem Rahmenthema: \u201cGanzheitliche Perspektiven auf Sprache und sprachliche Ph\u00e4nomene in der Geschichte der Sprachwissenschaft\u201d<\/td>\n<\/tr>\n<tr>\n<td>10.9.24, <span style=\"font-size: revert; font-family: inherit;\">Second CoPrEspa Network Meeting, Universit\u00e4t Heidelberg<\/span><\/td>\n<td>An inventory of prepositions in Spanish lexified creoles (semasiological and onomasiological perspectives) (gemeinsam mit Hans-J\u00f6rg D\u00f6hla)<\/td>\n<\/tr>\n<tr>\n<td>12.7.24, Workshop \u201cEspace et mouvement en cr\u00e9ole et dans les langues de contact&#8221;, Universit\u00e4t T\u00fcbingen<\/td>\n<td>La s\u00e9rialisation verbale dans les langues\u00a0cr\u00e9oles atlantiques \u00e0 base fran\u00e7aise comme un cas de figure de\u00a0convergence : nouveaux regards sur des faits diachroniques du\u00a0fran\u00e7ais hexagonal du XVIIe et XVIIIe si\u00e8cle<\/td>\n<\/tr>\n<tr>\n<td>20.6.24, Ringvorlesung \u201cM\u00e4nnlich, weiblich, divers, kontrovers? \u2013 Geschlechtlichkeit im Mittelalter\u201d des Heidelberger Mittelaltermasters<\/td>\n<td>Das alt- und fr\u00fchneufranz\u00f6sische Begriffsfeld des sozialen Alters<\/td>\n<\/tr>\n<tr>\n<td>22.5.24, \u00d6ffentliche Antrittsvorlesung an der Neuphilologischen Fakult\u00e4t der Universit\u00e4t Heidelberg<\/td>\n<td>\n<div><span lang=\"DE\">Die Stadt als linguistisches Terrain<\/span><\/div>\n<\/td>\n<\/tr>\n<tr>\n<td>11.1.24, Workshop &#8220;Autour du r\u00e9cit en interaction&#8221;, Laboratoire Lig\u00e9rien de Linguistique und Universit\u00e9 d\u2019Orl\u00e9ans<\/td>\n<td>Des crit\u00e8res pour identifier des s\u00e9quences narratives en interaction<\/td>\n<\/tr>\n<tr>\n<td>30.11.23, Workshop &#8220;Multi-word units in multilingual learners&#8221;, LMU M\u00fcnchen<\/td>\n<td><em style=\"font-family: inherit; font-size: inherit;\">Aller descendre <\/em>to the source: motion-related readings of French verb-serializing [motion verb + verb] structures beyond temporal, aspectual and modal readings<\/td>\n<\/tr>\n<tr>\n<td>8.9.23, XXXII. Internationales Kolloquium des Studienkreises &#8216;Geschichte der Sprachwissenschaft, UTAD Vila Real<\/td>\n<td><em>&#8216;He smacked her face: <\/em>hard aspect!&#8217; Eine Polemik um den Begriff &#8216;Aktionsart&#8217; innerhalb der Anglistik von der Mitte des 20. Jahrhunderts<\/td>\n<\/tr>\n<tr>\n<td>19.7.23, XX. Weltkongress der <em>Association Internationale de la Linguistique Appliqu\u00e9e\u00a0<\/em>(AILA), Lyon<\/td>\n<td>Gemeinsam mit Isabel Col\u00f3n de Carvajal (Lyon) und Katja Ploog (Orl\u00e9ans) Organisation des Symposiums &#8220;A cross-linguistic and cross-methodological approach to storytelling in talk-in-interaction&#8221;<\/td>\n<\/tr>\n<tr>\n<td>22.-25.2.23, XXIII. Deutscher Hispanistentag, Graz<\/td>\n<td>Gemeinsam mit Johanna Wolf und Lukas Eibensteiner Sektionsleitung &#8220;La adquisici\u00f3n y la ense\u00f1anza de lenguas extranjeras desde una perspectiva basada en el uso: enlaces emp\u00edricos entre la ling\u00fc\u00edstica y la did\u00e1ctica&#8221;<\/td>\n<\/tr>\n<tr>\n<td>24.11.2022, Ausstellung <span style=\"font-size: revert; font-family: inherit;\">\u201eLudwig Gottfried Blanc \u2013 Deutschlands erster Professor f\u00fcr Romanistik\u201c<\/span>, Halle<\/td>\n<td>Er\u00f6ffnungsvortrag &#8220;Gedanken zur Historizit\u00e4t<br \/>\nromanistischer Objekte&#8221;<\/td>\n<\/tr>\n<tr>\n<td>5.7.2022, XXX. Congr\u00e8s de Linguistique et de Philologie Romanes (CILPR), La Laguna<\/td>\n<td>L&#8217;interpr\u00e9tation du s\u00e9quen\u00e7age vocalique en fran\u00e7ais \u00e0 partir de l\u2019\u00e9cologie et de l\u2019histoire de la gestalt du mot<\/td>\n<\/tr>\n<tr>\n<td>10.6.2022, Internationale Konferenz &#8220;Sprache und Sprachbewusstsein in der Geschichte der Sprachwissenschaft&#8221; des Studienkreises &#8216;Geschichte der Sprachwissenschaft&#8217;, Flensburg<\/td>\n<td>Phonologie: bewusst, unbewusst? Karl B\u00fchlers wortgestaltphonologische Arbeiten<\/td>\n<\/tr>\n<tr>\n<td>23.2.2022, 44. Jahrestagung der DGfS, Workshop &#8220;Narration in context: between linguistic theory and empirical operationalization&#8221;, T\u00fcbingen<\/td>\n<td>The NARRANDO project: Spanish storytelling in talk-in-interaction (gemeinsam mit Isabel Col\u00f3n de Carvajal und Luisa Acosta Cordoba)<\/td>\n<\/tr>\n<tr>\n<td>6.10.2021, XXXVII. Romanistentag, Sektion \u201eBewegungsverben im Sprachwandel &#8211; Grammatik, Lexikon, Diskurs<span style=\"font-family: inherit; color: initial; font-size: inherit;\">\u201c, Augsburg<\/span><\/td>\n<td>\u00ab\u00a0[\u2026] de le venir prendre pour le mener promener\u00a0\u00bb (La Princesse de Cl\u00e8ves,\u00a01678, p. 87): A diachronic corpus study on verbs of motion as part of French serial verb constructions<\/td>\n<\/tr>\n<tr>\n<td>17.9.2021, 14. Lusitanistentag, Sektion \u201e<span lang=\"PT-BR\" style=\"font-family: inherit; color: initial;\">Temporalidade da l\u00edngua e temporalidade na l\u00edngua<\/span><span style=\"font-family: inherit; color: initial; font-size: inherit;\">\u201c, Universit\u00e4t Leipzig<\/span><\/td>\n<td>\n<div><span lang=\"PT-BR\">Um estudo emp\u00edrico a respeito da aspectualidade e da temporalidade em papi\u00e1 kristang\u00a0<\/span><span style=\"font-family: inherit; font-size: inherit; color: initial;\">(gemeinsam mit Hans-J\u00f6rg D\u00f6hla und Anja Hennemann)<\/span><\/div>\n<\/td>\n<\/tr>\n<tr>\n<td>8.7.2021, Universit\u00e4t T\u00fcbingen, Romanisches Seminar<\/td>\n<td>Serielle-Verb-Konstruktionen in franz\u00f6sischbasierten Kreolsprachen:\u00a0Ein Fall von Konvergenz?<\/td>\n<\/tr>\n<tr>\n<td>29.6.2021, Annual Summer Meeting der Society for Pidgin and Creole Linguistics (SPCL)<\/td>\n<td>The rhythmic organization of Haitian Creole<\/td>\n<\/tr>\n<tr>\n<td>6.5.2021, Bonner Linguistische Zoomgespr\u00e4che<\/td>\n<td>\n<div>Pr\u00e4sentation des Forschungsvorhabens &#8220;NARRANDO: Storytelling in der Interaktion im Spanischen&#8221;<\/div>\n<\/td>\n<\/tr>\n<tr>\n<td>16.11.2020, Jornadas de estudio Narrando, ICAR (Lyon), LABEX ASLAN (Lyon), Laboratoire Lig\u00e9rien de Linguistique (Orl\u00e9ans), Romanisches Seminar (Freiburg)<\/td>\n<td>\n<div><span lang=\"ES\">La gram\u00e1tica basada en corpus<\/span><\/div>\n<\/td>\n<\/tr>\n<tr>\n<td>10.9.2020, Phonetik und Phonologie im deutschsprachigen Raum (P&amp;P16), Universit\u00e4t Trier<\/td>\n<td><a href=\"https:\/\/alexander.teixeirakalkhoff.eu\/wp-content\/uploads\/2020\/09\/Poster_Teixeira-Kalkhoff_PP2020.pdf\" target=\"_blank\" rel=\"noopener noreferrer\">\u201eDos o tres \u2026 no s\u00e9, dos, la eme y el diptongo, s\u00ed\u201c: Sprachlautbewusstsein als Indikator f\u00fcr den kognitiven Status von Diphthongen? (Posterpr\u00e4sentation)<\/a><\/td>\n<\/tr>\n<tr>\n<td>24.1.2020, Work [shop] under [a] construction [grammar approach] 2, Universit\u00e4t Regensburg<\/td>\n<td>Kollaborative Listen: <em>Constructions work<\/em>. Multimodale Zugriffe auf gemeinschaftlich konstruierte Aufz\u00e4hlungssequenzen im Spanischen (gemeinsam mit Philipp Dankel und Dennis Dressel)<\/td>\n<\/tr>\n<tr>\n<td>20.1.2020, Journ\u00e9es d\u2019\u00e9tude CLAPI-ELE: L\u2019\u00e9tude de l\u2019espagnol \u00e0 partir de corpus \u00e9cologiques, ENS Lyon<\/td>\n<td>Co-construire syntaxiquement en espagnol parl\u00e9: Un acc\u00e8s multimodal <a href=\"https:\/\/alexander.teixeirakalkhoff.eu\/wp-content\/uploads\/2020\/11\/Resume_Co-contruire-syntaxiquement-en-espagnol-parle_Un-acces-multimodal.pdf\" target=\"_blank\" rel=\"noopener noreferrer\">R\u00e9sum\u00e9 en fran\u00e7ais<\/a><\/td>\n<\/tr>\n<tr>\n<td>2.10.2019, XXXVI. Romanistentag des DRV, Universit\u00e4t Kassel, Sektion: Was Konstruktionsgrammatik alles (nicht) kann<\/td>\n<td>Gibt es Serielle-Verb-Konstruktionen im Franz\u00f6sischen?<\/td>\n<\/tr>\n<tr>\n<td>11.7.2019, XX Congreso de la Asociaci\u00f3n International de Hispanistas, Hebrew University of Jerusalem<\/td>\n<td>\u00bfMadrile\u00f1o, castizo, ejque o lo desconozco? La percepci\u00f3n de la micro-geograf\u00eda ling\u00fc\u00edstica de Madrid por parte de los madrile\u00f1os<\/td>\n<\/tr>\n<tr>\n<td>15.6.2019, 200 Jahre Nationalphilologien, Westf\u00e4lische Wilhelms-Universit\u00e4t M\u00fcnster<\/td>\n<td>Cervantes, Cam<span lang=\"EN-GB\">\u00f5<\/span>es und die Anfangsgr\u00fcnde der spanischen Sprache: Die Ibero-Romania in der deutschen Romanischen Philologie des 19. Jahrhunderts<\/td>\n<\/tr>\n<tr>\n<td>18.5.2019, Universit\u00e4t Regensburg<\/td>\n<td>Gemeinsam mit Johanna Wolf und Laura Linzmeier Festkolloquium zu Ehren unserer Doktormutter Prof. Dr. Maria Selig unter dem Motto\u00a0<a href=\"https:\/\/alexander.teixeirakalkhoff.eu\/wp-content\/uploads\/2019\/04\/MS60_Poster_version-for-e-mailing_final.pdf\" target=\"_blank\" rel=\"noopener noreferrer\">SCRIPTURA EST MOMENTUM HISTORIAE<\/a><\/td>\n<\/tr>\n<tr>\n<td>30.3.2019,\u00a0XXII. Deutscher Hispanistentag Berlin, Sektion:\u00a0Konstruktionen im Spanischen: Kontakt, Variation, Wandel<\/td>\n<td><span lang=\"EN-US\">Co-constructing utterances in face-to-face-interaction: A multimodal analysis of collaborative completions in spoken Spanish (gemeinsam mit Dennis Dressel)<\/span><\/td>\n<\/tr>\n<tr>\n<td>7.9.2018, Phonetik und Phonologie im deutschsprachigen Raum (P&amp;P14), Universit\u00e4t Wien<\/td>\n<td><a href=\"https:\/\/alexander.teixeirakalkhoff.eu\/wp-content\/uploads\/2020\/09\/Poster_Annotation-of-HC-prosody-and-intonation_P-und-P-Wien-2018.pdf\" target=\"_blank\" rel=\"noopener noreferrer\">Annotation of Haitian Creole prosody and intonation (Posterpr\u00e4sentation)<\/a><\/td>\n<\/tr>\n<tr>\n<td>7.7.2018, Studienkreis der Geschichte der Sprachwissenschaft, Universit\u00e4t Potsdam<\/td>\n<td>Speech sounds in the field<\/td>\n<\/tr>\n<tr>\n<td>8.12.2017, Romania in Rostock, Universit\u00e4t Rostock<\/td>\n<td>Karl Bartsch und sein Konzept einer altdeutschen und altromanischen Mittelalterphilologie. Ein objektgeschichtlicher Zugriff<\/td>\n<\/tr>\n<tr>\n<td>1.9.2017, 14th International Conference on the History of the Languages Sciences (ICHoLS XIV), Universit\u00e9 Sorbonne Nouvelle Paris 3<\/td>\n<td>Why is it so hard to establish Gestalt ideas within Linguistics?<\/td>\n<\/tr>\n<tr>\n<td>3.3.2017, Journ\u00e9e Cr\u00e9ole, Universit\u00e4t Regensburg<\/td>\n<td>Digitale Aufbereitung eines Kreolkorpus: State of the Art, Desiderata und technische Machbarkeit (gemeinsam mit Evelyn Wiesinger und Manuel Burghardt)<\/td>\n<\/tr>\n<tr>\n<td>13.2.-26.2.2017, Gastdozentur an der Complutense Madrid im Rahmen der ERASMUS-Dozentenmobilit\u00e4t<\/td>\n<td>-Sprachpraxis Deutsch-Prosodie und Intonation des Deutschen<\/td>\n<\/tr>\n<tr>\n<td>28.5.2016, XXXI. Romanistisches Kolloquium &#8220;Geschichte des Fremdsprachenstudiums in der Romania&#8221;, Universit\u00e4t Mannheim<\/td>\n<td>Romanische Philologie im 19. Jahrhundert in Deutschland<\/td>\n<\/tr>\n<tr>\n<td>27.1.2016, Phonetisches Kolloquium des Instituts f\u00fcr deutsche Sprache und Linguistik, Humboldt-Universit\u00e4t zu Berlin<\/td>\n<td>Die phonologische Auslastung des Diphthong-Hiatus-Kontinuums im Portugiesischen, Spanischen, Franz\u00f6sischen, Italienischen und Rum\u00e4nischen: Eine gestaltphonologische Modellierung komplexer vokalischer Lautereignisse<\/td>\n<\/tr>\n<tr>\n<td>28.7.2015, XXXIV. Romanistentag des DRV, Universit\u00e4t Mannheim, Sektion: Methods in empirical prosody research<\/td>\n<td><a href=\"https:\/\/methodenromanistentag2015.files.wordpress.com\/2015\/10\/kalkhoff.pdf\" target=\"_blank\" rel=\"noopener noreferrer\">Corpus data and tools for the analysis of spoken Haitian Creole prosody (Posterpr\u00e4sentation)<\/a><\/td>\n<\/tr>\n<tr>\n<td>25.9.2014, 9. Kongress des Frankoromanistenverbandes, Westf\u00e4lische Wilhelms-Universit\u00e4t M\u00fcnster<\/td>\n<td>Une approche &#8220;gestaltiste&#8221; du Schwa (gemeinsam mit Maria Selig)<\/td>\n<\/tr>\n<tr>\n<td>28.8.2014, 13th International Conference on the History of the Languages Sciences (ICHoLS XIII), UTAD, Vila Real (Portugal)<\/td>\n<td>The modelling of complex vocalic speech sounds throughout the history of modern linguistics<\/td>\n<\/tr>\n<tr>\n<td>20.6.2014, Kongress &#8220;Literaturwissenschaften in Frankfurt 1914-1945&#8221;, Goethe-Universit\u00e4t Frankfurt am Main<\/td>\n<td>&#8220;Erloschen ist die Fackel, zerrissen ist das Band Und deines Namens entsinne ich mich kaum noch.&#8221; &#8211; Die deutsche Romanistik und der Erste Weltkrieg<b><br \/>\n<\/b><\/td>\n<\/tr>\n<tr>\n<td>10.3.-23.3.2014, Gastdozentur an der Complutense Madrid im Rahmen der ERASMUS-Dozentenmobilit\u00e4t<\/td>\n<td>-Kontrastive Phonetik Spanisch-Deutsch-Korrektive Phonetik des Deutschen<\/td>\n<\/tr>\n<tr>\n<td>1.2.2013, Franz\u00f6sischlehrerfortbildung &#8220;Le Maghreb et la France&#8221;, Universit\u00e4t Regensburg<\/td>\n<td>Leitung des Ateliers &#8220;Soci\u00e9t\u00e9s en changement &#8211; le statut du fran\u00e7ais au Maghreb ces derni\u00e8res ann\u00e9es&#8221; (gemeinsam mit Rembert Eufe)<\/td>\n<\/tr>\n<tr>\n<td>18.1.2013, Seminartag &#8220;Konstruktionsgrammatik&#8221;, Universit\u00e4ten Regensburg und Eichst\u00e4tt<\/td>\n<td>Aspekte der online-Syntax, ausgef\u00fchrt an franz\u00f6sischen, spanischen und deutschen Beispielen<\/td>\n<\/tr>\n<tr>\n<td>21.11.2012, France-Allemagne au XXe si\u00e8cle, La production acad\u00e9mique sur l&#8217;autre, MSH Lorraine, Universit\u00e9 de Lorraine, Metz<\/td>\n<td>Zwischen Technik, Auslandskunde und &#8220;au\u00dfertechnischer Allgemeinbildung&#8221;: Die Entwicklung der Dresdner Romanistik innerhalb einer h\u00f6heren technischen Bildungsanstalt (1828-1936)<\/td>\n<\/tr>\n<tr>\n<td>17.10.2012, Oberseminar Romanistische Linguistik, LMU M\u00fcnchen<\/td>\n<td>Komplexe vokalische Laute des Franz\u00f6sischen &#8211; ein Einblick ins Habilitationsprojekt<\/td>\n<\/tr>\n<tr>\n<td>12.5.2012, 3. Tagung zum Jakobsweg &#8220;Unterwegs nach Navarra&#8221;, CinEScultura, Spanisches Film- und Kulturfestival 2012, Regensburg<\/td>\n<td>Die altfranz\u00f6sische chanson de Roland<\/td>\n<\/tr>\n<tr>\n<td>15.3.2012, LIMES VIII, T\u00fcbingen<\/td>\n<td>Silbenstruktur und Status komplexer vokalischer Laute im Franz\u00f6sischen<\/td>\n<\/tr>\n<tr>\n<td>26.9.2011, XXXII. Romanistentag des DRV, Humboldt-Universit\u00e4t zu Berlin<\/td>\n<td>Co-constructions syntactiques du dialogue en fran\u00e7ais, espagnol et allemand parl\u00e9<\/td>\n<\/tr>\n<tr>\n<td>20.5.2011, \u00c9cole normale sup\u00e9rieure, S\u00e9minaire Transferts culturels, Paris<\/td>\n<td>Kognitive Struktur der Romanischen Philologie im 19. Jahrhundert in Deutschland: der Beitrag der Institutionengeschichte<\/td>\n<\/tr>\n<tr>\n<td>2.2.2011, Linguistisches Forum an der Universit\u00e4t Regensburg (LiFo), Regensburg<\/td>\n<td>Welche Faktoren lassen uns in gesprochener Sprache syntaktische Funktionen erkennen? &#8211; Aufriss eines Problemhorizonts am Beispiel des gesprochenen Franz\u00f6sisch<\/td>\n<\/tr>\n<tr>\n<td>30.9.2010, 7. Kongress des Frankoromanistenverbandes, &#8220;Stadt-Kultur-Raum&#8221;, Essen<\/td>\n<td>Lexikalische und semantische Untersuchungen zum alt- und fr\u00fchneufranz\u00f6sischen Wortfeld des Alters<\/td>\n<\/tr>\n<tr>\n<td>24.9.2010, 3. Tagung des Netzwerkes MIRA (Mittelalter und Renaissance in der Romania), &#8220;Alter(n) in Mittelalter und Fr\u00fcher Neuzeit&#8221;, Dresden<\/td>\n<td>Lexikalische und semantische Untersuchungen zum alt- und fr\u00fchneufranz\u00f6sischen Begriffsfeld des sozialen Alters<\/td>\n<\/tr>\n<tr>\n<td>10.12.2008, Linguistisches Forum an der Universit\u00e4t Regensburg (LiFo), Regensburg<\/td>\n<td>Sprachschulung als Denkschulung: Zum sprach- und bildungstheoretischen Status der franz\u00f6sischen Sprache im deutschen Bildungssystem des 19. Jahrhunderts<\/td>\n<\/tr>\n<tr>\n<td>2.9.2008, International Conference on the History of the Language Sciences (ICHoLS), Workshop &#8220;La linguistique dans l&#8217;histoire de l&#8217;enseignement de la langue fran\u00e7aise&#8221;, Potsdam<\/td>\n<td>Perfectionnement logique et rationnel dans l&#8217;enseignement du fran\u00e7ais en Allemagne au XIX\u00e8me si\u00e8cle<\/td>\n<\/tr>\n<tr>\n<td>24.4.2008, &#8220;Les discours universitaires: formes, pratiques, mutations&#8221;, Br\u00fcssel<\/td>\n<td>Les discours philologiques et linguistiques du XIX\u00e8me si\u00e8cle &#8211; l&#8221;homo academicus&#8217; entre id\u00e9alisme et science (gemeinsam mit Johanna Wolf)<\/td>\n<\/tr>\n<tr>\n<td>9.6.2006, Forum Junge Romanistik, &#8220;Handeln und Verhandeln&#8221;, Universit\u00e4t Regensburg<\/td>\n<td>Das Konzept der Neuphilologie an den deutschen Universit\u00e4ten im 19. Jahrhundert &#8211; ein Pl\u00e4doyer f\u00fcr ein historisches Bewusstsein<\/td>\n<\/tr>\n<tr>\n<td>17.2.2006, Forschungskolloquium Philologien, Universit\u00e4t Regensburg<\/td>\n<td>Bildungskonzepte im 19. Jahrhundert im Spiegel des fremdsprachlichen Unterrichts (gemeinsam mit Johanna Wolf)<\/td>\n<\/tr>\n<tr>\n<td>29.9.2004, 4. Kongress des Frankoromanistenverbandes, Freiburg i.Br.<\/td>\n<td>&#8220;&#8230; das das Studium der neuern Sprachen und Literaturen ein \u00e4chtes Humanist\u00e4tsstudium werde.&#8221; &#8211; Les d\u00e9buts de la philologie romane et la question \u00e9thique (gemeinsam mit Maria Selig und Johanna Wolf)<\/td>\n<\/tr>\n<\/tbody>\n<\/table>\n","protected":false},"excerpt":{"rendered":"<p>Datum, Veranstaltung, Ort Titel des Vortrags 3.10.25, Third CoPrEspa Network Meeting, Universit\u00e4t Santiago de Compostela \u00a0&#8220;Constructional change and inheritance links in polysemous prepositions: the case of Chabacano\u00a0kon&#8221; (gemeinsam mit Hans-J\u00f6rg D\u00f6hla) 12.-13.9.24, XXXIII. Internationales Kolloquium des Studienkreises \u2018Geschichte der Sprachwissenschaft\u2019,&hellip;<\/p>\n","protected":false},"author":1,"featured_media":0,"parent":0,"menu_order":0,"comment_status":"closed","ping_status":"closed","template":"","meta":{"footnotes":""},"_links":{"self":[{"href":"https:\/\/alexander.teixeirakalkhoff.eu\/index.php?rest_route=\/wp\/v2\/pages\/45"}],"collection":[{"href":"https:\/\/alexander.teixeirakalkhoff.eu\/index.php?rest_route=\/wp\/v2\/pages"}],"about":[{"href":"https:\/\/alexander.teixeirakalkhoff.eu\/index.php?rest_route=\/wp\/v2\/types\/page"}],"author":[{"embeddable":true,"href":"https:\/\/alexander.teixeirakalkhoff.eu\/index.php?rest_route=\/wp\/v2\/users\/1"}],"replies":[{"embeddable":true,"href":"https:\/\/alexander.teixeirakalkhoff.eu\/index.php?rest_route=%2Fwp%2Fv2%2Fcomments&post=45"}],"version-history":[{"count":44,"href":"https:\/\/alexander.teixeirakalkhoff.eu\/index.php?rest_route=\/wp\/v2\/pages\/45\/revisions"}],"predecessor-version":[{"id":920,"href":"https:\/\/alexander.teixeirakalkhoff.eu\/index.php?rest_route=\/wp\/v2\/pages\/45\/revisions\/920"}],"wp:attachment":[{"href":"https:\/\/alexander.teixeirakalkhoff.eu\/index.php?rest_route=%2Fwp%2Fv2%2Fmedia&parent=45"}],"curies":[{"name":"wp","href":"https:\/\/api.w.org\/{rel}","templated":true}]}}