{"id":25,"date":"2017-10-01T12:29:55","date_gmt":"2017-10-01T12:29:55","guid":{"rendered":"https:\/\/alexander.teixeirakalkhoff.eu\/?page_id=25"},"modified":"2024-10-04T14:47:31","modified_gmt":"2024-10-04T14:47:31","slug":"forschung","status":"publish","type":"page","link":"https:\/\/alexander.teixeirakalkhoff.eu\/?page_id=25","title":{"rendered":"FORSCHUNG"},"content":{"rendered":"<div class=\"article tabs\">\n<div class=\"content\">\n<div class=\"tabbody\">\n<p><em><strong>Aktuelle\u00a0<\/strong><\/em><span style=\"font-weight: 600;\"><i>Forschungsprojekte\u00a0<\/i><\/span><\/p>\n<ul>\n<li>Mitglied im DFG-Netzwerk <em>Construcciones preposicionales en espa\u00f1ol<\/em> (CoPrEspa) <a href=\"https:\/\/uni-tuebingen.de\/fakultaeten\/philosophische-fakultaet\/fachbereiche\/neuphilologie\/romanisches-seminar\/forschung\/coprespa\/\" target=\"_blank\" rel=\"noopener\">Link<\/a><\/li>\n<li>Mitglied im Forschungsverbund NARRANDO <em>Storytelling in der Interaktion im Spanischen<\/em> in Kooperation mit dem ICAR, LABEX ASLAN Lyon und dem Laboratoire Lig\u00e9rien de Linguistique Orl\u00e9ans<\/li>\n<li>Die \u00dcbertragung ganzheitlicher Modellaspekte aus der Psychologie, der Physik und der Biologie in die Sprachwissenschaft: Eine\u00a0Analyse der linguistischen Metasprache sprachlicher Ganzheit<\/li>\n<\/ul>\n<p class=\"bodytext\"><em><strong>Habilitation<\/strong><\/em><\/p>\n<p class=\"bodytext\">&#8220;Gestaltphonologische Interpretation der komplex-vokalischen Wortgestaltung im Portugiesischen, Spanischen, Franz\u00f6sischen, Italienischen und Rum\u00e4nischen&#8221;<\/p>\n<p class=\"bodytext\"><strong><em>Dissertation<\/em><\/strong><\/p>\n<p class=\"bodytext\">&#8220;Die Institutionalisierung der Romanischen Philologie: Institutionelle Entwicklungen der Romanischen Philologie im 19. und fr\u00fchen 20. Jahrhundert am Beispiel der Universit\u00e4ten Heidelberg, Rostock, Halle, Berlin und Hamburg&#8221;<\/p>\n<p class=\"bodytext\"><b style=\"font-style: italic;\">Linguistische Schwerpunkte<\/b><\/p>\n<ul>\n<li>Strukturen gesprochener Sprache<\/li>\n<li>Konstruktionsgrammatik<\/li>\n<li>Phonetik, Phonologie und\u00a0Prosodie<\/li>\n<li>Urban Linguistics<\/li>\n<li>Methoden der Digital Humanities im Bereich der Linguistik<\/li>\n<li>Epistemologische Grundlagen und Fachgeschichte der Romanistik<\/li>\n<\/ul>\n<p><em><strong>Mitarbeit in Forschungsprojekt<\/strong><strong>en<\/strong><\/em><\/p>\n<ul>\n<li>2015-2016: Wissenschaftlicher Mitarbeiter im BMBF-Verbundprojekt\u00a0<a href=\"http:\/\/www.comphistsem.org\/home.html\" target=\"_blank\" rel=\"noopener noreferrer\">&#8220;Computational Historical Semantics&#8221;<\/a>\u00a0(CompHistSem)<\/li>\n<li>2004-2011: &#8220;Disziplingenese: Zur Entstehung der Romanischen Philologie im Deutschland des 19. Jahrhunderts&#8221;, Universit\u00e4t Regensburg<\/li>\n<\/ul>\n<p><em><strong>Gutachtert\u00e4tigkeit<\/strong><\/em><\/p>\n<ul>\n<li>Schweizerischer Nationalfonds zur F\u00f6rderung der wissenschaftlichen Forschung (SNF)<\/li>\n<\/ul>\n<p><em><strong>Mitgliedschaft in Fachverb\u00e4nden<\/strong><\/em><\/p>\n<ul>\n<li><a href=\"http:\/\/www.slir.org\/\" target=\"_blank\" rel=\"noopener noreferrer\">Soci\u00e9t\u00e9 de Linguistique Romane<\/a>\u00a0(SLiR)<\/li>\n<li><a href=\"http:\/\/www.deutscher-romanistenverband.de\/\" target=\"_blank\" rel=\"noopener noreferrer\">Deutscher Romanistenverband e.V.<\/a>\u00a0(DRV)<\/li>\n<li><a href=\"http:\/\/asociacioninternacionaldehispanistas.org\" target=\"_blank\" rel=\"noopener noreferrer\">Asociaci\u00f3n Internacional de Hispanistas<\/a> (AIH)<\/li>\n<li><a href=\"http:\/\/www.hispanistica.de\/\" target=\"_blank\" rel=\"noopener noreferrer\">Deutscher Hispanistenverband e.V.<\/a>\u00a0(DHV)<\/li>\n<li><a href=\"http:\/\/lusitanistenverband.de\" target=\"_blank\" rel=\"noopener\">Deutscher Lusitanistenverband e.V.<\/a> (DLV)<\/li>\n<li>Studienkreis\u00a0<a href=\"http:\/\/www.elverdissen.de\/~nodus\/sgds.htm\" target=\"_blank\" rel=\"noopener noreferrer\">&#8220;Geschichte der Sprachwissenschaft&#8221;<\/a>\u00a0(SGdS)<\/li>\n<li>Netzwerk\u00a0<a href=\"https:\/\/www.romanistik.phil.uni-hannover.de\/7955.html\" target=\"_blank\" rel=\"noopener noreferrer\">Mittelalter und Renaissance in der Romania<\/a>\u00a0(MIRA)<\/li>\n<\/ul>\n<\/div>\n<\/div>\n<\/div>\n<div class=\"footer\"><\/div>\n","protected":false},"excerpt":{"rendered":"<p>Aktuelle\u00a0Forschungsprojekte\u00a0 Mitglied im DFG-Netzwerk Construcciones preposicionales en espa\u00f1ol (CoPrEspa) Link Mitglied im Forschungsverbund NARRANDO Storytelling in der Interaktion im Spanischen in Kooperation mit dem ICAR, LABEX ASLAN Lyon und dem Laboratoire Lig\u00e9rien de Linguistique Orl\u00e9ans Die \u00dcbertragung ganzheitlicher Modellaspekte aus&hellip;<\/p>\n","protected":false},"author":1,"featured_media":0,"parent":0,"menu_order":0,"comment_status":"closed","ping_status":"closed","template":"","meta":{"footnotes":""},"_links":{"self":[{"href":"https:\/\/alexander.teixeirakalkhoff.eu\/index.php?rest_route=\/wp\/v2\/pages\/25"}],"collection":[{"href":"https:\/\/alexander.teixeirakalkhoff.eu\/index.php?rest_route=\/wp\/v2\/pages"}],"about":[{"href":"https:\/\/alexander.teixeirakalkhoff.eu\/index.php?rest_route=\/wp\/v2\/types\/page"}],"author":[{"embeddable":true,"href":"https:\/\/alexander.teixeirakalkhoff.eu\/index.php?rest_route=\/wp\/v2\/users\/1"}],"replies":[{"embeddable":true,"href":"https:\/\/alexander.teixeirakalkhoff.eu\/index.php?rest_route=%2Fwp%2Fv2%2Fcomments&post=25"}],"version-history":[{"count":17,"href":"https:\/\/alexander.teixeirakalkhoff.eu\/index.php?rest_route=\/wp\/v2\/pages\/25\/revisions"}],"predecessor-version":[{"id":803,"href":"https:\/\/alexander.teixeirakalkhoff.eu\/index.php?rest_route=\/wp\/v2\/pages\/25\/revisions\/803"}],"wp:attachment":[{"href":"https:\/\/alexander.teixeirakalkhoff.eu\/index.php?rest_route=%2Fwp%2Fv2%2Fmedia&parent=25"}],"curies":[{"name":"wp","href":"https:\/\/api.w.org\/{rel}","templated":true}]}}